{"id":2200,"date":"2026-04-06T15:08:58","date_gmt":"2026-04-06T13:08:58","guid":{"rendered":"https:\/\/futbolbezbarier.pl\/?page_id=2200"},"modified":"2026-04-07T09:16:27","modified_gmt":"2026-04-07T07:16:27","slug":"polnoc","status":"publish","type":"page","link":"https:\/\/futbolbezbarier.pl\/index.php\/polnoc\/","title":{"rendered":"ekstraklasa p\u00f3\u0142noc"},"content":{"rendered":"\n<h2 class=\"wp-block-heading has-text-align-center\">EKSTRAKLASA FUTBOLU BEZ BARIER 2026 &#8211; P\u00d3\u0141NOC<\/h2>\n\n\n\n<div id=\"wp-block-themeisle-blocks-countdown-b647f868\" data-date=\"2026-04-18T13:30:00\" class=\"wp-block-themeisle-blocks-countdown\"><div class=\"otter-countdown__container\"><div class=\"otter-countdown__display\"><div name=\"day\" class=\"otter-countdown__display-area is-main-component\"><div class=\"otter-countdown__value\">0<\/div><div class=\"otter-countdown__label\">Day<\/div><\/div><div name=\"hour\" class=\"otter-countdown__display-area is-main-component\"><div class=\"otter-countdown__value\">0<\/div><div class=\"otter-countdown__label\">Hour<\/div><\/div><div name=\"minute\" class=\"otter-countdown__display-area is-main-component\"><div class=\"otter-countdown__value\">0<\/div><div class=\"otter-countdown__label\">Minute<\/div><\/div><div name=\"second\" class=\"otter-countdown__display-area is-main-component\"><div class=\"otter-countdown__value\">0<\/div><div class=\"otter-countdown__label\">Second<\/div><\/div><\/div><\/div><\/div>\n\n\n\n<p>Najbli\u017csze turnieje: <br><strong>18.04.2026<\/strong> &#8211; O\u015brodek Sportu i Rekreacji w \u0141owiczu, ul. Jana Paw\u0142a II 3, \u0141owicz&nbsp;<br><strong>17.05.2026<\/strong> &#8211; O\u015brodek Sportu i Rekreacji w \u0141owiczu, ul. Jana Paw\u0142a II 3, \u0141owicz&nbsp;<\/p>\n\n\n<p><iframe id=\"siteTGif\" src=\"https:\/\/tg-app.pl\/widget\/v1\/5ca96cc9-46df-4f5d-8f97-24b4a9f83397\/4004\/12933\" width=\"100%\" frameborder=\"0\" height=\"800px\" title=\"tg-app.pl\" style=\"border:none;\"><\/iframe><\/p>\n","protected":false},"excerpt":{"rendered":"<p>EKSTRAKLASA FUTBOLU BEZ BARIER 2026 &#8211; P\u00d3\u0141NOC Najbli\u017csze turnieje: 18.04.2026 &#8211; O\u015brodek Sportu i Rekreacji w \u0141owiczu, ul. Jana Paw\u0142a II 3, \u0141owicz&nbsp;17.05.2026 &#8211; O\u015brodek Sportu i Rekreacji w \u0141owiczu, ul. Jana Paw\u0142a II 3, \u0141owicz&nbsp;<\/p>\n","protected":false},"author":3,"featured_media":0,"parent":0,"menu_order":0,"comment_status":"closed","ping_status":"closed","template":"","meta":{"_monsterinsights_skip_tracking":false,"_monsterinsights_sitenote_active":false,"_monsterinsights_sitenote_note":"","_monsterinsights_sitenote_category":0,"neve_meta_sidebar":"","neve_meta_container":"","neve_meta_enable_content_width":"","neve_meta_content_width":0,"neve_meta_title_alignment":"","neve_meta_author_avatar":"","neve_post_elements_order":"","neve_meta_disable_header":"","neve_meta_disable_footer":"","neve_meta_disable_title":"","_themeisle_gutenberg_block_has_review":false,"footnotes":""},"class_list":["post-2200","page","type-page","status-publish","hentry"],"yoast_head":"<!-- This site is optimized with the Yoast SEO plugin v27.4 - https:\/\/yoast.com\/product\/yoast-seo-wordpress\/ -->\n<title>ekstraklasa p\u00f3\u0142noc - Futbol Bez Barier<\/title>\n<meta name=\"robots\" content=\"index, follow, max-snippet:-1, max-image-preview:large, max-video-preview:-1\" \/>\n<link rel=\"canonical\" href=\"https:\/\/futbolbezbarier.pl\/index.php\/polnoc\/\" \/>\n<meta property=\"og:locale\" content=\"pl_PL\" \/>\n<meta property=\"og:type\" content=\"article\" \/>\n<meta property=\"og:title\" content=\"ekstraklasa p\u00f3\u0142noc - Futbol Bez Barier\" \/>\n<meta property=\"og:description\" content=\"EKSTRAKLASA FUTBOLU BEZ BARIER 2026 &#8211; P\u00d3\u0141NOC Najbli\u017csze turnieje: 18.04.2026 &#8211; O\u015brodek Sportu i Rekreacji w \u0141owiczu, ul. Jana Paw\u0142a II 3, \u0141owicz&nbsp;17.05.2026 &#8211; O\u015brodek Sportu i Rekreacji w \u0141owiczu, ul. Jana Paw\u0142a II 3, \u0141owicz&nbsp;\" \/>\n<meta property=\"og:url\" content=\"https:\/\/futbolbezbarier.pl\/index.php\/polnoc\/\" \/>\n<meta property=\"og:site_name\" content=\"Futbol Bez Barier\" \/>\n<meta property=\"article:publisher\" content=\"https:\/\/www.facebook.com\/FutbollBezBarier\/\" \/>\n<meta property=\"article:modified_time\" content=\"2026-04-07T07:16:27+00:00\" \/>\n<meta property=\"og:image\" content=\"https:\/\/futbolbezbarier.pl\/wp-content\/uploads\/2025\/02\/Projekt-bez-nazwy-21.png\" \/>\n\t<meta property=\"og:image:width\" content=\"940\" \/>\n\t<meta property=\"og:image:height\" content=\"788\" \/>\n\t<meta property=\"og:image:type\" content=\"image\/png\" \/>\n<meta name=\"twitter:card\" content=\"summary_large_image\" \/>\n<meta name=\"twitter:label1\" content=\"Szacowany czas czytania\" \/>\n\t<meta name=\"twitter:data1\" content=\"1 minuta\" \/>\n<script type=\"application\/ld+json\" class=\"yoast-schema-graph\">{\"@context\":\"https:\\\/\\\/schema.org\",\"@graph\":[{\"@type\":\"WebPage\",\"@id\":\"https:\\\/\\\/futbolbezbarier.pl\\\/index.php\\\/polnoc\\\/\",\"url\":\"https:\\\/\\\/futbolbezbarier.pl\\\/index.php\\\/polnoc\\\/\",\"name\":\"ekstraklasa p\u00f3\u0142noc - Futbol Bez Barier\",\"isPartOf\":{\"@id\":\"https:\\\/\\\/futbolbezbarier.pl\\\/#website\"},\"datePublished\":\"2026-04-06T13:08:58+00:00\",\"dateModified\":\"2026-04-07T07:16:27+00:00\",\"breadcrumb\":{\"@id\":\"https:\\\/\\\/futbolbezbarier.pl\\\/index.php\\\/polnoc\\\/#breadcrumb\"},\"inLanguage\":\"pl-PL\",\"potentialAction\":[{\"@type\":\"ReadAction\",\"target\":[\"https:\\\/\\\/futbolbezbarier.pl\\\/index.php\\\/polnoc\\\/\"]}]},{\"@type\":\"BreadcrumbList\",\"@id\":\"https:\\\/\\\/futbolbezbarier.pl\\\/index.php\\\/polnoc\\\/#breadcrumb\",\"itemListElement\":[{\"@type\":\"ListItem\",\"position\":1,\"name\":\"Home\",\"item\":\"https:\\\/\\\/futbolbezbarier.pl\\\/\"},{\"@type\":\"ListItem\",\"position\":2,\"name\":\"ekstraklasa p\u00f3\u0142noc\"}]},{\"@type\":\"WebSite\",\"@id\":\"https:\\\/\\\/futbolbezbarier.pl\\\/#website\",\"url\":\"https:\\\/\\\/futbolbezbarier.pl\\\/\",\"name\":\"Futbol Bez Barier\",\"description\":\"Pi\u0142ka no\u017cna dla os\u00f3b z niepe\u0142nosprawno\u015bciami\",\"publisher\":{\"@id\":\"https:\\\/\\\/futbolbezbarier.pl\\\/#organization\"},\"potentialAction\":[{\"@type\":\"SearchAction\",\"target\":{\"@type\":\"EntryPoint\",\"urlTemplate\":\"https:\\\/\\\/futbolbezbarier.pl\\\/?s={search_term_string}\"},\"query-input\":{\"@type\":\"PropertyValueSpecification\",\"valueRequired\":true,\"valueName\":\"search_term_string\"}}],\"inLanguage\":\"pl-PL\"},{\"@type\":\"Organization\",\"@id\":\"https:\\\/\\\/futbolbezbarier.pl\\\/#organization\",\"name\":\"Futbol Bez Barier\",\"url\":\"https:\\\/\\\/futbolbezbarier.pl\\\/\",\"logo\":{\"@type\":\"ImageObject\",\"inLanguage\":\"pl-PL\",\"@id\":\"https:\\\/\\\/futbolbezbarier.pl\\\/#\\\/schema\\\/logo\\\/image\\\/\",\"url\":\"https:\\\/\\\/futbolbezbarier.pl\\\/wp-content\\\/uploads\\\/2025\\\/02\\\/Projekt-bez-nazwy-20.png\",\"contentUrl\":\"https:\\\/\\\/futbolbezbarier.pl\\\/wp-content\\\/uploads\\\/2025\\\/02\\\/Projekt-bez-nazwy-20.png\",\"width\":940,\"height\":788,\"caption\":\"Futbol Bez Barier\"},\"image\":{\"@id\":\"https:\\\/\\\/futbolbezbarier.pl\\\/#\\\/schema\\\/logo\\\/image\\\/\"},\"sameAs\":[\"https:\\\/\\\/www.facebook.com\\\/FutbollBezBarier\\\/\",\"https:\\\/\\\/www.youtube.com\\\/channel\\\/UCTKZn9TuPuanTWiCGnTRGGw\"]}]}<\/script>\n<!-- \/ Yoast SEO plugin. -->","yoast_head_json":{"title":"ekstraklasa p\u00f3\u0142noc - Futbol Bez Barier","robots":{"index":"index","follow":"follow","max-snippet":"max-snippet:-1","max-image-preview":"max-image-preview:large","max-video-preview":"max-video-preview:-1"},"canonical":"https:\/\/futbolbezbarier.pl\/index.php\/polnoc\/","og_locale":"pl_PL","og_type":"article","og_title":"ekstraklasa p\u00f3\u0142noc - Futbol Bez Barier","og_description":"EKSTRAKLASA FUTBOLU BEZ BARIER 2026 &#8211; P\u00d3\u0141NOC Najbli\u017csze turnieje: 18.04.2026 &#8211; O\u015brodek Sportu i Rekreacji w \u0141owiczu, ul. Jana Paw\u0142a II 3, \u0141owicz&nbsp;17.05.2026 &#8211; O\u015brodek Sportu i Rekreacji w \u0141owiczu, ul. Jana Paw\u0142a II 3, \u0141owicz&nbsp;","og_url":"https:\/\/futbolbezbarier.pl\/index.php\/polnoc\/","og_site_name":"Futbol Bez Barier","article_publisher":"https:\/\/www.facebook.com\/FutbollBezBarier\/","article_modified_time":"2026-04-07T07:16:27+00:00","og_image":[{"width":940,"height":788,"url":"https:\/\/futbolbezbarier.pl\/wp-content\/uploads\/2025\/02\/Projekt-bez-nazwy-21.png","type":"image\/png"}],"twitter_card":"summary_large_image","twitter_misc":{"Szacowany czas czytania":"1 minuta"},"schema":{"@context":"https:\/\/schema.org","@graph":[{"@type":"WebPage","@id":"https:\/\/futbolbezbarier.pl\/index.php\/polnoc\/","url":"https:\/\/futbolbezbarier.pl\/index.php\/polnoc\/","name":"ekstraklasa p\u00f3\u0142noc - Futbol Bez Barier","isPartOf":{"@id":"https:\/\/futbolbezbarier.pl\/#website"},"datePublished":"2026-04-06T13:08:58+00:00","dateModified":"2026-04-07T07:16:27+00:00","breadcrumb":{"@id":"https:\/\/futbolbezbarier.pl\/index.php\/polnoc\/#breadcrumb"},"inLanguage":"pl-PL","potentialAction":[{"@type":"ReadAction","target":["https:\/\/futbolbezbarier.pl\/index.php\/polnoc\/"]}]},{"@type":"BreadcrumbList","@id":"https:\/\/futbolbezbarier.pl\/index.php\/polnoc\/#breadcrumb","itemListElement":[{"@type":"ListItem","position":1,"name":"Home","item":"https:\/\/futbolbezbarier.pl\/"},{"@type":"ListItem","position":2,"name":"ekstraklasa p\u00f3\u0142noc"}]},{"@type":"WebSite","@id":"https:\/\/futbolbezbarier.pl\/#website","url":"https:\/\/futbolbezbarier.pl\/","name":"Futbol Bez Barier","description":"Pi\u0142ka no\u017cna dla os\u00f3b z niepe\u0142nosprawno\u015bciami","publisher":{"@id":"https:\/\/futbolbezbarier.pl\/#organization"},"potentialAction":[{"@type":"SearchAction","target":{"@type":"EntryPoint","urlTemplate":"https:\/\/futbolbezbarier.pl\/?s={search_term_string}"},"query-input":{"@type":"PropertyValueSpecification","valueRequired":true,"valueName":"search_term_string"}}],"inLanguage":"pl-PL"},{"@type":"Organization","@id":"https:\/\/futbolbezbarier.pl\/#organization","name":"Futbol Bez Barier","url":"https:\/\/futbolbezbarier.pl\/","logo":{"@type":"ImageObject","inLanguage":"pl-PL","@id":"https:\/\/futbolbezbarier.pl\/#\/schema\/logo\/image\/","url":"https:\/\/futbolbezbarier.pl\/wp-content\/uploads\/2025\/02\/Projekt-bez-nazwy-20.png","contentUrl":"https:\/\/futbolbezbarier.pl\/wp-content\/uploads\/2025\/02\/Projekt-bez-nazwy-20.png","width":940,"height":788,"caption":"Futbol Bez Barier"},"image":{"@id":"https:\/\/futbolbezbarier.pl\/#\/schema\/logo\/image\/"},"sameAs":["https:\/\/www.facebook.com\/FutbollBezBarier\/","https:\/\/www.youtube.com\/channel\/UCTKZn9TuPuanTWiCGnTRGGw"]}]}},"_links":{"self":[{"href":"https:\/\/futbolbezbarier.pl\/index.php\/wp-json\/wp\/v2\/pages\/2200","targetHints":{"allow":["GET"]}}],"collection":[{"href":"https:\/\/futbolbezbarier.pl\/index.php\/wp-json\/wp\/v2\/pages"}],"about":[{"href":"https:\/\/futbolbezbarier.pl\/index.php\/wp-json\/wp\/v2\/types\/page"}],"author":[{"embeddable":true,"href":"https:\/\/futbolbezbarier.pl\/index.php\/wp-json\/wp\/v2\/users\/3"}],"replies":[{"embeddable":true,"href":"https:\/\/futbolbezbarier.pl\/index.php\/wp-json\/wp\/v2\/comments?post=2200"}],"version-history":[{"count":6,"href":"https:\/\/futbolbezbarier.pl\/index.php\/wp-json\/wp\/v2\/pages\/2200\/revisions"}],"predecessor-version":[{"id":2222,"href":"https:\/\/futbolbezbarier.pl\/index.php\/wp-json\/wp\/v2\/pages\/2200\/revisions\/2222"}],"wp:attachment":[{"href":"https:\/\/futbolbezbarier.pl\/index.php\/wp-json\/wp\/v2\/media?parent=2200"}],"curies":[{"name":"wp","href":"https:\/\/api.w.org\/{rel}","templated":true}]}}